{"id":34,"date":"2013-12-13T22:01:36","date_gmt":"2013-12-13T21:01:36","guid":{"rendered":"https:\/\/toutou215.touriciel.fr\/touritest\/saint-projet.com\/?page_id=34"},"modified":"2024-08-16T18:04:49","modified_gmt":"2024-08-16T17:04:49","slug":"contact","status":"publish","type":"page","link":"https:\/\/www.saint-projet.com\/?page_id=34","title":{"rendered":"Contact"},"content":{"rendered":"<p>R\u00e9server une visite du ch\u00e2teau<br \/>\nRenseignements sur nos salles de r\u00e9ception<br \/>\nRenseignements ou r\u00e9servation de notre g\u00eete dans le ch\u00e2teau<br \/>\nSalles de mariages &#8230;<\/p>\n<h5><a href=\"https:\/\/www.s-i-t-e.fr\/index.php?option=com_rsform&amp;amp;formId=14\" target=\"_blank\" rel=\"noopener\">Renseignements ici<\/a><\/h5>\n","protected":false},"excerpt":{"rendered":"<p>R\u00e9servation d&rsquo;une visite, renseignements, mariages, notre g\u00eete<\/p>\n","protected":false},"author":2,"featured_media":0,"parent":0,"menu_order":8,"comment_status":"closed","ping_status":"closed","template":"","meta":{"footnotes":""},"class_list":["post-34","page","type-page","status-publish","hentry"],"_links":{"self":[{"href":"https:\/\/www.saint-projet.com\/index.php?rest_route=\/wp\/v2\/pages\/34","targetHints":{"allow":["GET"]}}],"collection":[{"href":"https:\/\/www.saint-projet.com\/index.php?rest_route=\/wp\/v2\/pages"}],"about":[{"href":"https:\/\/www.saint-projet.com\/index.php?rest_route=\/wp\/v2\/types\/page"}],"author":[{"embeddable":true,"href":"https:\/\/www.saint-projet.com\/index.php?rest_route=\/wp\/v2\/users\/2"}],"replies":[{"embeddable":true,"href":"https:\/\/www.saint-projet.com\/index.php?rest_route=%2Fwp%2Fv2%2Fcomments&post=34"}],"version-history":[{"count":7,"href":"https:\/\/www.saint-projet.com\/index.php?rest_route=\/wp\/v2\/pages\/34\/revisions"}],"predecessor-version":[{"id":658,"href":"https:\/\/www.saint-projet.com\/index.php?rest_route=\/wp\/v2\/pages\/34\/revisions\/658"}],"wp:attachment":[{"href":"https:\/\/www.saint-projet.com\/index.php?rest_route=%2Fwp%2Fv2%2Fmedia&parent=34"}],"curies":[{"name":"wp","href":"https:\/\/api.w.org\/{rel}","templated":true}]}}