{"id":30,"date":"2013-12-13T22:00:48","date_gmt":"2013-12-13T21:00:48","guid":{"rendered":"https:\/\/toutou215.touriciel.fr\/touritest\/saint-projet.com\/?page_id=30"},"modified":"2022-08-29T20:26:24","modified_gmt":"2022-08-29T19:26:24","slug":"historique","status":"publish","type":"page","link":"https:\/\/www.saint-projet.com\/?page_id=30","title":{"rendered":"Historique"},"content":{"rendered":"<p><span style=\"text-decoration: underline;\">Historique<\/span><\/p>\n<p>Le ch\u00e2teau de Saint-Projet \u00e0 \u00e9t\u00e9 construit<\/p>\n<div id=\"attachment_578\" class=\"wp-caption alignright\" style=\"width: 267px\"><img loading=\"lazy\" decoding=\"async\" class=\"wp-image-578\" src=\"https:\/\/www.saint-projet.com\/wp-content\/uploads\/saint-projet001-2022.jpg\" alt=\"Ch\u00e2teau de Saint Projet\" width=\"267\" height=\"200\" srcset=\"https:\/\/www.saint-projet.com\/wp-content\/uploads\/saint-projet001-2022.jpg 1024w, https:\/\/www.saint-projet.com\/wp-content\/uploads\/saint-projet001-2022-300x225.jpg 300w, https:\/\/www.saint-projet.com\/wp-content\/uploads\/saint-projet001-2022-700x525.jpg 700w, https:\/\/www.saint-projet.com\/wp-content\/uploads\/saint-projet001-2022-768x576.jpg 768w\" sizes=\"auto, (max-width: 267px) 100vw, 267px\" \/><p class=\"wp-caption-text\">Fa\u00e7ade du Ch\u00e2teau<\/p><\/div>\n<p>sur un tumulus gallo-romain<\/p>\n<p>\u00e0 la fin du XlIIe si\u00e8cle. (c&rsquo;est Philippe le Bel qui donna cette seigneurie \u00e0 Jean de Jean qui fut le premier seigneur de Saint-Projet et cette famille va poss\u00e9der le ch\u00e2teau jusqu&rsquo;\u00e0 la R\u00e9volution.<br \/>\nAujourd&rsquo;hui le ch\u00e2teau \u00e0 \u00e9t\u00e9 rachet\u00e9 par ses anc\u00eatres.<\/p>\n<p>&nbsp;<\/p>\n<p><span style=\"text-decoration: underline;\"><img loading=\"lazy\" decoding=\"async\" class=\"alignleft wp-image-577 size-thumbnail\" src=\"https:\/\/www.saint-projet.com\/wp-content\/uploads\/reine-margot2022-150x150.jpg\" alt=\"La Reine Margot\" width=\"150\" height=\"150\" \/><\/span><\/p>\n<p><span style=\"text-decoration: underline;\">PENDANT LA GUERRE DE \u00c7ENT ANS:<\/span><br \/>\nLe ch\u00e2teau a \u00e9t\u00e9 assi\u00e9g\u00e9 plusieurs fois par les Anglais mais jamais pris. Mais suite \u00e0 notre d\u00e9faite de Cr\u00e9cy, Le Roi de France donna certains territoires aux Anglais prix de notre d\u00e9faite, il donna notamment la seigneurie de Saint-Projet qui advint au fils du Roi d&rsquo;Angleterre le fameux PRINCE NOIR.<br \/>\nII faudra attendre la fin de la guerre de Cent Ans pour que la seigneurie de Saint-Projet soit lib\u00e9r\u00e9e.<\/p>\n<p><span style=\"text-decoration: underline;\"><a href=\"https:\/\/www.saint-projet.com\/wp-content\/uploads\/st-projet_hist07.jpg\"><img loading=\"lazy\" decoding=\"async\" class=\"wp-image-113 alignright\" src=\"https:\/\/www.saint-projet.com\/wp-content\/uploads\/st-projet_hist07-150x150.jpg\" alt=\"st-projet_hist07\" width=\"150\" height=\"150\" \/><\/a>PENDANT LES GUERRES DE RELIGIONS :<\/span><br \/>\nLa fameuse REINE MARGOT se r\u00e9fugia au ch\u00e2teau les 26 et 27 septembre 1585. Le seigneur des lieux vassal de la Reine l&rsquo;h\u00e9bergea. La chambre de la reine qui fut mur\u00e9e apr\u00e8s son d\u00e9part resta cach\u00e9e durant 4 si\u00e8cles. C&rsquo;est au cours des restaurations en 1990 qu&rsquo;elle fut par hasard d\u00e9couverte avec tout son mobilier. Le secret de cette chambre vous le d\u00e9couvrirez lors de la visite du ch\u00e2teau. Le secret est \u00e9galement d\u00e9velopp\u00e9 dans le livre sur l&rsquo;histoire de Saint-Projet.<\/p>\n<p><span style=\"text-decoration: underline;\">APR\u00c8S LA MORT D&rsquo;HENRI IV:<\/span><br \/>\nLOUIS XIII ne tarda pas \u00e0 venir dans la r\u00e9gion du Quercy la place forte de Montauban et de Saint Antonin-Noble-Val, Avant de livrer bataille en juin 1622, il fit \u00e9tape au ch\u00e2teau de Saint-Projet. Le seigneur de Saint-Projet \u00e9tant \u00e0 l&rsquo;\u00e9poque vassal du Roi.<br \/>\nPENDANT TOUT LE XVIIIe SI\u00c8CLE<\/p>\n<p><span style=\"text-decoration: underline;\">LA R\u00c9VOLUTION ARRIVE:<\/span><\/p>\n<div id=\"attachment_213\" class=\"wp-caption alignright\" style=\"width: 300px\"><a href=\"https:\/\/www.saint-projet.com\/wp-content\/uploads\/st-projet14-07.jpg\"><img loading=\"lazy\" decoding=\"async\" class=\"wp-image-213 size-medium\" src=\"https:\/\/www.saint-projet.com\/wp-content\/uploads\/st-projet14-07-300x225.jpg\" alt=\"Ch\u00e2teau de Saint Projet\" width=\"300\" height=\"225\" srcset=\"https:\/\/www.saint-projet.com\/wp-content\/uploads\/st-projet14-07-300x225.jpg 300w, https:\/\/www.saint-projet.com\/wp-content\/uploads\/st-projet14-07.jpg 700w\" sizes=\"auto, (max-width: 300px) 100vw, 300px\" \/><\/a><p class=\"wp-caption-text\">La r\u00e9volution<\/p><\/div>\n<p>Le ch\u00e2teau est vendu bien national et est divis\u00e9 entre diff\u00e9rents propri\u00e9taires. Un des propri\u00e9taires ami d&rsquo;un c\u00e9l\u00e8bre graveur sous le nom de Rodolphe BRESDIN l&rsquo;introduit au ch\u00e2teau. dans ces lieux, il grava ses plus belles gravures. Il est qualifi\u00e9 par les critiques d&rsquo;art comme le VAN-GOGH de la gravure du fait que ses gravures atteignent des prix exorbitant en salle des ventes.<\/p>\n<p><strong>AUJOURD&rsquo;HUI RACHET\u00c9 PAR SES ANC\u00caTRES<\/strong><\/p>\n<p>Ce ch\u00e2teau au pass\u00e9 prestigieux vous fera voyager dans le temps, a travers ces nombreuses pi\u00e8ces meubl\u00e9es et de son histoire hors du commun.<\/p>\n<p><span style=\"text-decoration: underline;\">LE SECRET DE LA CHAMBRE DE LA REINE MARGOT<\/span><\/p>\n<p>La Reine Margot est le sixi\u00e8me enfant du Roi Henri Il et de Catherine de M\u00e9dicis.<br \/>\nQuand les guerres de Religion \u00e9clatent, la future Reine Margot a dix huit ans et est folle amoureuse du fameux Duc de Guise, chef du parti catholique. Mais sa m\u00e8re, la terrible Catherine de M\u00e9dicis, la destine \u00e0 se marier \u00e0 Henri, du clan des protestants. En 1572, le mariage<\/p>\n<div id=\"attachment_215\" class=\"wp-caption alignright\" style=\"width: 300px\"><a href=\"https:\/\/www.saint-projet.com\/wp-content\/uploads\/st-projet-margot14-07.jpg\"><img loading=\"lazy\" decoding=\"async\" class=\"wp-image-215 size-medium\" src=\"https:\/\/www.saint-projet.com\/wp-content\/uploads\/st-projet-margot14-07-300x225.jpg\" alt=\"st-projet-margot14-07\" width=\"300\" height=\"225\" srcset=\"https:\/\/www.saint-projet.com\/wp-content\/uploads\/st-projet-margot14-07-300x225.jpg 300w, https:\/\/www.saint-projet.com\/wp-content\/uploads\/st-projet-margot14-07.jpg 700w\" sizes=\"auto, (max-width: 300px) 100vw, 300px\" \/><\/a><p class=\"wp-caption-text\">Chambre de la Reine Margot<\/p><\/div>\n<p>\u00e0 lieu !!! Et le jour suivant amorce cette vague de violence que l&rsquo;histoire nomme la Saint-Barth\u00e9lemy. Donc, ce mariage, symbole de r\u00e9conciliation est donc un \u00e9chec: c&rsquo;est \u00e0 partir des ann\u00e9es, que d\u00e9bute la l\u00e9gende noire de cette Reine.<br \/>\nHenri va dans le sud de la France.<br \/>\nEt la Reine Margot prend sa destin\u00e9e en main et d\u00e9cide de partir de Paris et d&rsquo;aller \u00e0 Agen. Agen, c&rsquo;est une ville qui lui appartient.<br \/>\nA Agen, elle s&rsquo;\u00e9rige contre le pouvoir de sa m\u00e8re et de son fr\u00e8re, alors Roi de France, le fameux Henri III, et se rallie \u00e0 son ancien amant le fameux Duc de Guise.<\/p>\n<div id=\"attachment_580\" class=\"wp-caption alignleft\" style=\"width: 300px\"><img loading=\"lazy\" decoding=\"async\" class=\"wp-image-580 size-medium\" src=\"https:\/\/www.saint-projet.com\/wp-content\/uploads\/saint-projet-gargouille2022-300x225.jpg\" alt=\"Une Gargouille\" width=\"300\" height=\"225\" srcset=\"https:\/\/www.saint-projet.com\/wp-content\/uploads\/saint-projet-gargouille2022-300x225.jpg 300w, https:\/\/www.saint-projet.com\/wp-content\/uploads\/saint-projet-gargouille2022-700x525.jpg 700w, https:\/\/www.saint-projet.com\/wp-content\/uploads\/saint-projet-gargouille2022-768x576.jpg 768w, https:\/\/www.saint-projet.com\/wp-content\/uploads\/saint-projet-gargouille2022.jpg 1024w\" sizes=\"auto, (max-width: 300px) 100vw, 300px\" \/><p class=\"wp-caption-text\">Gargouille du ch\u00e2teau<\/p><\/div>\n<p>Mais, \u00e0 Agen, il y a un revirement de situation et les villageois de cette ville se r\u00e9voltent et la Reine Margot qui est oblig\u00e9e de partir d&rsquo;Agen, et vient se r\u00e9fugier au ch\u00e2teau de Saint -Projet. Celui-ci est un des rares ch\u00e2teaux qui se visite et qui n\u2019a pas \u00e9t\u00e9 d\u00e9truit apr\u00e8s le passage de cette reine car le Roi de France d\u00e9truisait tous les Ch\u00e2teaux o\u00f9 s&rsquo;\u00e9tait r\u00e9fugi\u00e9e la Reine Margot.<br \/>\nMais quel est le secret de cette chambre qui \u00e0 fait qu&rsquo;elle soit rest\u00e9e inviol\u00e9 par un concours de circonstance qui l&rsquo;\u00e0 rendu inaccessible pendant des si\u00e8cles.<br \/>\nLa description historique de cette chambre et l&rsquo;authentification des lieux \u00e0 \u00e9t\u00e9 rendu possible gr\u00e2ce \u00e0 un document conserv\u00e9 aux archives nationales de Paris. Toute cette histoire extraordinaire et romanesque et combien r\u00e9elle est \u00e0 d\u00e9couvrir dans le livre ou la cassette sur l&rsquo;histoire du ch\u00e2teau. La visite des lieux reste un moment \u00e9mouvant pour nos nombreux visiteurs.<\/p>\n","protected":false},"excerpt":{"rendered":"<p>Historique Le ch\u00e2teau de Saint-Projet \u00e0 \u00e9t\u00e9 construit sur un tumulus gallo-romain \u00e0 la fin du XlIIe si\u00e8cle. (c&rsquo;est Philippe le Bel qui donna cette seigneurie \u00e0 Jean de Jean qui fut le premier seigneur de Saint-Projet et cette famille va poss\u00e9der le ch\u00e2teau jusqu&rsquo;\u00e0 la R\u00e9volution. Aujourd&rsquo;hui le ch\u00e2teau \u00e0 \u00e9t\u00e9 rachet\u00e9 par ses [&hellip;]<\/p>\n","protected":false},"author":2,"featured_media":0,"parent":0,"menu_order":6,"comment_status":"closed","ping_status":"closed","template":"","meta":{"footnotes":""},"class_list":["post-30","page","type-page","status-publish","hentry"],"_links":{"self":[{"href":"https:\/\/www.saint-projet.com\/index.php?rest_route=\/wp\/v2\/pages\/30","targetHints":{"allow":["GET"]}}],"collection":[{"href":"https:\/\/www.saint-projet.com\/index.php?rest_route=\/wp\/v2\/pages"}],"about":[{"href":"https:\/\/www.saint-projet.com\/index.php?rest_route=\/wp\/v2\/types\/page"}],"author":[{"embeddable":true,"href":"https:\/\/www.saint-projet.com\/index.php?rest_route=\/wp\/v2\/users\/2"}],"replies":[{"embeddable":true,"href":"https:\/\/www.saint-projet.com\/index.php?rest_route=%2Fwp%2Fv2%2Fcomments&post=30"}],"version-history":[{"count":25,"href":"https:\/\/www.saint-projet.com\/index.php?rest_route=\/wp\/v2\/pages\/30\/revisions"}],"predecessor-version":[{"id":586,"href":"https:\/\/www.saint-projet.com\/index.php?rest_route=\/wp\/v2\/pages\/30\/revisions\/586"}],"wp:attachment":[{"href":"https:\/\/www.saint-projet.com\/index.php?rest_route=%2Fwp%2Fv2%2Fmedia&parent=30"}],"curies":[{"name":"wp","href":"https:\/\/api.w.org\/{rel}","templated":true}]}}