{"id":20,"date":"2013-12-13T21:57:23","date_gmt":"2013-12-13T20:57:23","guid":{"rendered":"https:\/\/toutou215.touriciel.fr\/touritest\/saint-projet.com\/?page_id=20"},"modified":"2025-12-08T18:10:29","modified_gmt":"2025-12-08T17:10:29","slug":"buffets-du-chateau","status":"publish","type":"page","link":"https:\/\/www.saint-projet.com\/?page_id=20","title":{"rendered":"Buffets du ch\u00e2teau"},"content":{"rendered":"<h4 style=\"text-align: center;\">Buffet du ch\u00e2teau<br \/>\n17 euro par personne<\/h4>\n<p style=\"text-align: center;\">Assiette de charcuteries<br \/>\nSalade de riz aux l\u00e9gumes<br \/>\nTaboul\u00e9, \u0153uf dur<br \/>\nSalade de lentille aux l\u00e9gumes<br \/>\nBoulettes de viandes et frittes<br \/>\nSemoule parfume aux herbes orientales<br \/>\nSalade verte, carottes r\u00e2p\u00e9<br \/>\nSalade de tomate et mozzarella<br \/>\nFromages, fruits, g\u00e2teaux<br \/>\nCaf\u00e9 et th\u00e9 et ces g\u00e2teaux au chocolat et fraises<\/p>\n\n\t\t<style type=\"text\/css\">\n\t\t\t#gallery-1 {\n\t\t\t\tmargin: auto;\n\t\t\t}\n\t\t\t#gallery-1 .gallery-item {\n\t\t\t\tfloat: left;\n\t\t\t\tmargin-top: 10px;\n\t\t\t\ttext-align: center;\n\t\t\t\twidth: 50%;\n\t\t\t}\n\t\t\t#gallery-1 img {\n\t\t\t\tborder: 2px solid #cfcfcf;\n\t\t\t}\n\t\t\t#gallery-1 .gallery-caption {\n\t\t\t\tmargin-left: 0;\n\t\t\t}\n\t\t\t\/* see gallery_shortcode() in wp-includes\/media.php *\/\n\t\t<\/style>\n\t\t<div id='gallery-1' class='gallery galleryid-20 gallery-columns-2 gallery-size-large'><dl class='gallery-item'>\n\t\t\t<dt class='gallery-icon landscape'>\n\t\t\t\t<a href='https:\/\/www.saint-projet.com\/?attachment_id=414'><img loading=\"lazy\" decoding=\"async\" width=\"700\" height=\"466\" src=\"https:\/\/www.saint-projet.com\/wp-content\/uploads\/82st-projet_buffet009-700x466.jpg\" class=\"attachment-large size-large\" alt=\"\" srcset=\"https:\/\/www.saint-projet.com\/wp-content\/uploads\/82st-projet_buffet009-700x466.jpg 700w, https:\/\/www.saint-projet.com\/wp-content\/uploads\/82st-projet_buffet009-300x200.jpg 300w, https:\/\/www.saint-projet.com\/wp-content\/uploads\/82st-projet_buffet009-768x511.jpg 768w, https:\/\/www.saint-projet.com\/wp-content\/uploads\/82st-projet_buffet009.jpg 1024w\" sizes=\"auto, (max-width: 700px) 100vw, 700px\" \/><\/a>\n\t\t\t<\/dt><\/dl><dl class='gallery-item'>\n\t\t\t<dt class='gallery-icon landscape'>\n\t\t\t\t<a href='https:\/\/www.saint-projet.com\/?attachment_id=412'><img loading=\"lazy\" decoding=\"async\" width=\"700\" height=\"466\" src=\"https:\/\/www.saint-projet.com\/wp-content\/uploads\/82st-projet_buffet007-700x466.jpg\" class=\"attachment-large size-large\" alt=\"\" srcset=\"https:\/\/www.saint-projet.com\/wp-content\/uploads\/82st-projet_buffet007-700x466.jpg 700w, https:\/\/www.saint-projet.com\/wp-content\/uploads\/82st-projet_buffet007-300x200.jpg 300w, https:\/\/www.saint-projet.com\/wp-content\/uploads\/82st-projet_buffet007-768x511.jpg 768w, https:\/\/www.saint-projet.com\/wp-content\/uploads\/82st-projet_buffet007.jpg 1024w\" sizes=\"auto, (max-width: 700px) 100vw, 700px\" \/><\/a>\n\t\t\t<\/dt><\/dl><br style=\"clear: both\" \/><dl class='gallery-item'>\n\t\t\t<dt class='gallery-icon landscape'>\n\t\t\t\t<a href='https:\/\/www.saint-projet.com\/?attachment_id=416'><img loading=\"lazy\" decoding=\"async\" width=\"700\" height=\"466\" src=\"https:\/\/www.saint-projet.com\/wp-content\/uploads\/82st-projet_buffet011-700x466.jpg\" class=\"attachment-large size-large\" alt=\"\" srcset=\"https:\/\/www.saint-projet.com\/wp-content\/uploads\/82st-projet_buffet011-700x466.jpg 700w, https:\/\/www.saint-projet.com\/wp-content\/uploads\/82st-projet_buffet011-300x200.jpg 300w, https:\/\/www.saint-projet.com\/wp-content\/uploads\/82st-projet_buffet011-768x511.jpg 768w, https:\/\/www.saint-projet.com\/wp-content\/uploads\/82st-projet_buffet011.jpg 1024w\" sizes=\"auto, (max-width: 700px) 100vw, 700px\" \/><\/a>\n\t\t\t<\/dt><\/dl><dl class='gallery-item'>\n\t\t\t<dt class='gallery-icon landscape'>\n\t\t\t\t<a href='https:\/\/www.saint-projet.com\/?attachment_id=411'><img loading=\"lazy\" decoding=\"async\" width=\"700\" height=\"466\" src=\"https:\/\/www.saint-projet.com\/wp-content\/uploads\/82st-projet_buffet006-700x466.jpg\" class=\"attachment-large size-large\" alt=\"\" srcset=\"https:\/\/www.saint-projet.com\/wp-content\/uploads\/82st-projet_buffet006-700x466.jpg 700w, https:\/\/www.saint-projet.com\/wp-content\/uploads\/82st-projet_buffet006-300x200.jpg 300w, https:\/\/www.saint-projet.com\/wp-content\/uploads\/82st-projet_buffet006-768x511.jpg 768w, https:\/\/www.saint-projet.com\/wp-content\/uploads\/82st-projet_buffet006.jpg 1024w\" sizes=\"auto, (max-width: 700px) 100vw, 700px\" \/><\/a>\n\t\t\t<\/dt><\/dl><br style=\"clear: both\" \/><dl class='gallery-item'>\n\t\t\t<dt class='gallery-icon landscape'>\n\t\t\t\t<a href='https:\/\/www.saint-projet.com\/?attachment_id=413'><img loading=\"lazy\" decoding=\"async\" width=\"700\" height=\"466\" src=\"https:\/\/www.saint-projet.com\/wp-content\/uploads\/82st-projet_buffet008-700x466.jpg\" class=\"attachment-large size-large\" alt=\"\" srcset=\"https:\/\/www.saint-projet.com\/wp-content\/uploads\/82st-projet_buffet008-700x466.jpg 700w, https:\/\/www.saint-projet.com\/wp-content\/uploads\/82st-projet_buffet008-300x200.jpg 300w, https:\/\/www.saint-projet.com\/wp-content\/uploads\/82st-projet_buffet008-768x511.jpg 768w, https:\/\/www.saint-projet.com\/wp-content\/uploads\/82st-projet_buffet008.jpg 1024w\" sizes=\"auto, (max-width: 700px) 100vw, 700px\" \/><\/a>\n\t\t\t<\/dt><\/dl><dl class='gallery-item'>\n\t\t\t<dt class='gallery-icon landscape'>\n\t\t\t\t<a href='https:\/\/www.saint-projet.com\/?attachment_id=410'><img loading=\"lazy\" decoding=\"async\" width=\"700\" height=\"466\" src=\"https:\/\/www.saint-projet.com\/wp-content\/uploads\/82st-projet_buffet005-700x466.jpg\" class=\"attachment-large size-large\" alt=\"\" srcset=\"https:\/\/www.saint-projet.com\/wp-content\/uploads\/82st-projet_buffet005-700x466.jpg 700w, https:\/\/www.saint-projet.com\/wp-content\/uploads\/82st-projet_buffet005-300x200.jpg 300w, https:\/\/www.saint-projet.com\/wp-content\/uploads\/82st-projet_buffet005-768x511.jpg 768w, https:\/\/www.saint-projet.com\/wp-content\/uploads\/82st-projet_buffet005.jpg 1024w\" sizes=\"auto, (max-width: 700px) 100vw, 700px\" \/><\/a>\n\t\t\t<\/dt><\/dl><br style=\"clear: both\" \/><dl class='gallery-item'>\n\t\t\t<dt class='gallery-icon landscape'>\n\t\t\t\t<a href='https:\/\/www.saint-projet.com\/?attachment_id=415'><img loading=\"lazy\" decoding=\"async\" width=\"700\" height=\"466\" src=\"https:\/\/www.saint-projet.com\/wp-content\/uploads\/82st-projet_buffet010-700x466.jpg\" class=\"attachment-large size-large\" alt=\"\" srcset=\"https:\/\/www.saint-projet.com\/wp-content\/uploads\/82st-projet_buffet010-700x466.jpg 700w, https:\/\/www.saint-projet.com\/wp-content\/uploads\/82st-projet_buffet010-300x200.jpg 300w, https:\/\/www.saint-projet.com\/wp-content\/uploads\/82st-projet_buffet010-768x511.jpg 768w, https:\/\/www.saint-projet.com\/wp-content\/uploads\/82st-projet_buffet010.jpg 1024w\" sizes=\"auto, (max-width: 700px) 100vw, 700px\" \/><\/a>\n\t\t\t<\/dt><\/dl><dl class='gallery-item'>\n\t\t\t<dt class='gallery-icon landscape'>\n\t\t\t\t<a href='https:\/\/www.saint-projet.com\/?attachment_id=406'><img loading=\"lazy\" decoding=\"async\" width=\"700\" height=\"466\" src=\"https:\/\/www.saint-projet.com\/wp-content\/uploads\/82st-projet_buffet001-700x466.jpg\" class=\"attachment-large size-large\" alt=\"\" srcset=\"https:\/\/www.saint-projet.com\/wp-content\/uploads\/82st-projet_buffet001-700x466.jpg 700w, https:\/\/www.saint-projet.com\/wp-content\/uploads\/82st-projet_buffet001-300x200.jpg 300w, https:\/\/www.saint-projet.com\/wp-content\/uploads\/82st-projet_buffet001-768x511.jpg 768w, https:\/\/www.saint-projet.com\/wp-content\/uploads\/82st-projet_buffet001.jpg 1024w\" sizes=\"auto, (max-width: 700px) 100vw, 700px\" \/><\/a>\n\t\t\t<\/dt><\/dl><br style=\"clear: both\" \/>\n\t\t<\/div>\n\n","protected":false},"excerpt":{"rendered":"<p>Buffet du ch\u00e2teau 17 euro par personne Assiette de charcuteries Salade de riz aux l\u00e9gumes Taboul\u00e9, \u0153uf dur Salade de lentille aux l\u00e9gumes Boulettes de viandes et frittes Semoule parfume aux herbes orientales Salade verte, carottes r\u00e2p\u00e9 Salade de tomate et mozzarella Fromages, fruits, g\u00e2teaux Caf\u00e9 et th\u00e9 et ces g\u00e2teaux au chocolat et fraises<\/p>\n","protected":false},"author":2,"featured_media":0,"parent":9,"menu_order":7,"comment_status":"closed","ping_status":"closed","template":"","meta":{"footnotes":""},"class_list":["post-20","page","type-page","status-publish","hentry"],"_links":{"self":[{"href":"https:\/\/www.saint-projet.com\/index.php?rest_route=\/wp\/v2\/pages\/20","targetHints":{"allow":["GET"]}}],"collection":[{"href":"https:\/\/www.saint-projet.com\/index.php?rest_route=\/wp\/v2\/pages"}],"about":[{"href":"https:\/\/www.saint-projet.com\/index.php?rest_route=\/wp\/v2\/types\/page"}],"author":[{"embeddable":true,"href":"https:\/\/www.saint-projet.com\/index.php?rest_route=\/wp\/v2\/users\/2"}],"replies":[{"embeddable":true,"href":"https:\/\/www.saint-projet.com\/index.php?rest_route=%2Fwp%2Fv2%2Fcomments&post=20"}],"version-history":[{"count":16,"href":"https:\/\/www.saint-projet.com\/index.php?rest_route=\/wp\/v2\/pages\/20\/revisions"}],"predecessor-version":[{"id":694,"href":"https:\/\/www.saint-projet.com\/index.php?rest_route=\/wp\/v2\/pages\/20\/revisions\/694"}],"up":[{"embeddable":true,"href":"https:\/\/www.saint-projet.com\/index.php?rest_route=\/wp\/v2\/pages\/9"}],"wp:attachment":[{"href":"https:\/\/www.saint-projet.com\/index.php?rest_route=%2Fwp%2Fv2%2Fmedia&parent=20"}],"curies":[{"name":"wp","href":"https:\/\/api.w.org\/{rel}","templated":true}]}}