{"id":16,"date":"2013-12-13T21:56:32","date_gmt":"2013-12-13T20:56:32","guid":{"rendered":"https:\/\/toutou215.touriciel.fr\/touritest\/saint-projet.com\/?page_id=16"},"modified":"2022-08-29T20:25:01","modified_gmt":"2022-08-29T19:25:01","slug":"expositions","status":"publish","type":"page","link":"https:\/\/www.saint-projet.com\/?page_id=16","title":{"rendered":"Expositions"},"content":{"rendered":"<h4>Nos rendez vous.<\/h4>\n<ol>\n<li>les journ\u00e9es de patrimoine de pays mi juin<\/li>\n<li>La brocante des ch\u00e2teaux d\u00e9but ao\u00fbt<\/li>\n<li>Les journ\u00e9es de patrimoine national mi septembre<\/li>\n<li>2 brocantes dans le cadre de la foire de Najac en Aveyron (12) mi juillet et mi ao\u00fbt<\/li>\n<\/ol>\n<p>&nbsp;<\/p>\n\n\t\t<style type=\"text\/css\">\n\t\t\t#gallery-1 {\n\t\t\t\tmargin: auto;\n\t\t\t}\n\t\t\t#gallery-1 .gallery-item {\n\t\t\t\tfloat: left;\n\t\t\t\tmargin-top: 10px;\n\t\t\t\ttext-align: center;\n\t\t\t\twidth: 50%;\n\t\t\t}\n\t\t\t#gallery-1 img {\n\t\t\t\tborder: 2px solid #cfcfcf;\n\t\t\t}\n\t\t\t#gallery-1 .gallery-caption {\n\t\t\t\tmargin-left: 0;\n\t\t\t}\n\t\t\t\/* see gallery_shortcode() in wp-includes\/media.php *\/\n\t\t<\/style>\n\t\t<div id='gallery-1' class='gallery galleryid-16 gallery-columns-2 gallery-size-large'><dl class='gallery-item'>\n\t\t\t<dt class='gallery-icon landscape'>\n\t\t\t\t<a href='https:\/\/www.saint-projet.com\/?attachment_id=448'><img loading=\"lazy\" decoding=\"async\" width=\"700\" height=\"466\" src=\"https:\/\/www.saint-projet.com\/wp-content\/uploads\/82Saint-Projet_expo04-700x466.jpg\" class=\"attachment-large size-large\" alt=\"\" srcset=\"https:\/\/www.saint-projet.com\/wp-content\/uploads\/82Saint-Projet_expo04-700x466.jpg 700w, https:\/\/www.saint-projet.com\/wp-content\/uploads\/82Saint-Projet_expo04-300x200.jpg 300w, https:\/\/www.saint-projet.com\/wp-content\/uploads\/82Saint-Projet_expo04-768x511.jpg 768w, https:\/\/www.saint-projet.com\/wp-content\/uploads\/82Saint-Projet_expo04.jpg 1024w\" sizes=\"auto, (max-width: 700px) 100vw, 700px\" \/><\/a>\n\t\t\t<\/dt><\/dl><dl class='gallery-item'>\n\t\t\t<dt class='gallery-icon landscape'>\n\t\t\t\t<a href='https:\/\/www.saint-projet.com\/?attachment_id=439'><img loading=\"lazy\" decoding=\"async\" width=\"700\" height=\"466\" src=\"https:\/\/www.saint-projet.com\/wp-content\/uploads\/82Saint-Projet_expo01-700x466.jpg\" class=\"attachment-large size-large\" alt=\"\" srcset=\"https:\/\/www.saint-projet.com\/wp-content\/uploads\/82Saint-Projet_expo01-700x466.jpg 700w, https:\/\/www.saint-projet.com\/wp-content\/uploads\/82Saint-Projet_expo01-300x200.jpg 300w, https:\/\/www.saint-projet.com\/wp-content\/uploads\/82Saint-Projet_expo01-768x511.jpg 768w, https:\/\/www.saint-projet.com\/wp-content\/uploads\/82Saint-Projet_expo01.jpg 1024w\" sizes=\"auto, (max-width: 700px) 100vw, 700px\" \/><\/a>\n\t\t\t<\/dt><\/dl><br style=\"clear: both\" \/><dl class='gallery-item'>\n\t\t\t<dt class='gallery-icon landscape'>\n\t\t\t\t<a href='https:\/\/www.saint-projet.com\/?attachment_id=447'><img loading=\"lazy\" decoding=\"async\" width=\"700\" height=\"466\" src=\"https:\/\/www.saint-projet.com\/wp-content\/uploads\/82Saint-Projet_expo03-700x466.jpg\" class=\"attachment-large size-large\" alt=\"\" srcset=\"https:\/\/www.saint-projet.com\/wp-content\/uploads\/82Saint-Projet_expo03-700x466.jpg 700w, https:\/\/www.saint-projet.com\/wp-content\/uploads\/82Saint-Projet_expo03-300x200.jpg 300w, https:\/\/www.saint-projet.com\/wp-content\/uploads\/82Saint-Projet_expo03-768x511.jpg 768w, https:\/\/www.saint-projet.com\/wp-content\/uploads\/82Saint-Projet_expo03.jpg 1024w\" sizes=\"auto, (max-width: 700px) 100vw, 700px\" \/><\/a>\n\t\t\t<\/dt><\/dl><dl class='gallery-item'>\n\t\t\t<dt class='gallery-icon landscape'>\n\t\t\t\t<a href='https:\/\/www.saint-projet.com\/?attachment_id=440'><img loading=\"lazy\" decoding=\"async\" width=\"700\" height=\"466\" src=\"https:\/\/www.saint-projet.com\/wp-content\/uploads\/82Saint-Projet_expo02-700x466.jpg\" class=\"attachment-large size-large\" alt=\"\" srcset=\"https:\/\/www.saint-projet.com\/wp-content\/uploads\/82Saint-Projet_expo02-700x466.jpg 700w, https:\/\/www.saint-projet.com\/wp-content\/uploads\/82Saint-Projet_expo02-300x200.jpg 300w, https:\/\/www.saint-projet.com\/wp-content\/uploads\/82Saint-Projet_expo02-768x511.jpg 768w, https:\/\/www.saint-projet.com\/wp-content\/uploads\/82Saint-Projet_expo02.jpg 1024w\" sizes=\"auto, (max-width: 700px) 100vw, 700px\" \/><\/a>\n\t\t\t<\/dt><\/dl><br style=\"clear: both\" \/>\n\t\t<\/div>\n\n","protected":false},"excerpt":{"rendered":"<p>Nos rendez vous. les journ\u00e9es de patrimoine de pays mi juin La brocante des ch\u00e2teaux d\u00e9but ao\u00fbt Les journ\u00e9es de patrimoine national mi septembre 2 brocantes dans le cadre de la foire de Najac en Aveyron (12) mi juillet et mi ao\u00fbt &nbsp;<\/p>\n","protected":false},"author":2,"featured_media":0,"parent":9,"menu_order":5,"comment_status":"closed","ping_status":"closed","template":"","meta":{"footnotes":""},"class_list":["post-16","page","type-page","status-publish","hentry"],"_links":{"self":[{"href":"https:\/\/www.saint-projet.com\/index.php?rest_route=\/wp\/v2\/pages\/16","targetHints":{"allow":["GET"]}}],"collection":[{"href":"https:\/\/www.saint-projet.com\/index.php?rest_route=\/wp\/v2\/pages"}],"about":[{"href":"https:\/\/www.saint-projet.com\/index.php?rest_route=\/wp\/v2\/types\/page"}],"author":[{"embeddable":true,"href":"https:\/\/www.saint-projet.com\/index.php?rest_route=\/wp\/v2\/users\/2"}],"replies":[{"embeddable":true,"href":"https:\/\/www.saint-projet.com\/index.php?rest_route=%2Fwp%2Fv2%2Fcomments&post=16"}],"version-history":[{"count":16,"href":"https:\/\/www.saint-projet.com\/index.php?rest_route=\/wp\/v2\/pages\/16\/revisions"}],"predecessor-version":[{"id":450,"href":"https:\/\/www.saint-projet.com\/index.php?rest_route=\/wp\/v2\/pages\/16\/revisions\/450"}],"up":[{"embeddable":true,"href":"https:\/\/www.saint-projet.com\/index.php?rest_route=\/wp\/v2\/pages\/9"}],"wp:attachment":[{"href":"https:\/\/www.saint-projet.com\/index.php?rest_route=%2Fwp%2Fv2%2Fmedia&parent=16"}],"curies":[{"name":"wp","href":"https:\/\/api.w.org\/{rel}","templated":true}]}}