{"id":13,"date":"2013-12-13T21:55:59","date_gmt":"2013-12-13T20:55:59","guid":{"rendered":"https:\/\/toutou215.touriciel.fr\/touritest\/saint-projet.com\/?page_id=13"},"modified":"2022-08-29T20:24:50","modified_gmt":"2022-08-29T19:24:50","slug":"le-cafe-des-amis-du-chateau","status":"publish","type":"page","link":"https:\/\/www.saint-projet.com\/?page_id=13","title":{"rendered":"Le caf\u00e9 des amis du ch\u00e2teau"},"content":{"rendered":"<p>Le caf\u00e9 des amis de Saint Projet<\/p>\n<div id=\"attachment_420\" class=\"wp-caption alignleft\" style=\"width: 254px\"><img loading=\"lazy\" decoding=\"async\" class=\"size-medium wp-image-420\" src=\"https:\/\/www.saint-projet.com\/wp-content\/uploads\/82st-projet_buffet002-254x300.jpg\" alt=\"Le caf\u00e9 des amis\" width=\"254\" height=\"300\" srcset=\"https:\/\/www.saint-projet.com\/wp-content\/uploads\/82st-projet_buffet002-254x300.jpg 254w, https:\/\/www.saint-projet.com\/wp-content\/uploads\/82st-projet_buffet002-594x700.jpg 594w, https:\/\/www.saint-projet.com\/wp-content\/uploads\/82st-projet_buffet002.jpg 680w\" sizes=\"auto, (max-width: 254px) 100vw, 254px\" \/><p class=\"wp-caption-text\">Le caf\u00e9 des amis<\/p><\/div>\n<p>Un espace de d\u00e9tente ou il est possible de consommer des boissons fraiches et chaudes et un lieu de restauration rapide.<\/p>\n<div id=\"attachment_418\" class=\"wp-caption alignright\" style=\"width: 300px\"><img loading=\"lazy\" decoding=\"async\" class=\"wp-image-418 size-medium\" src=\"https:\/\/www.saint-projet.com\/wp-content\/uploads\/82st-projet_buffet003-300x200.jpg\" alt=\"\" width=\"300\" height=\"200\" srcset=\"https:\/\/www.saint-projet.com\/wp-content\/uploads\/82st-projet_buffet003-300x200.jpg 300w, https:\/\/www.saint-projet.com\/wp-content\/uploads\/82st-projet_buffet003-768x511.jpg 768w, https:\/\/www.saint-projet.com\/wp-content\/uploads\/82st-projet_buffet003-700x466.jpg 700w, https:\/\/www.saint-projet.com\/wp-content\/uploads\/82st-projet_buffet003.jpg 1024w\" sizes=\"auto, (max-width: 300px) 100vw, 300px\" \/><p class=\"wp-caption-text\">Le caf\u00e9 des amis<\/p><\/div>\n<p>Ouvert du 1er juin au 15 novembre tous les jours.<\/p>\n<div id=\"attachment_419\" class=\"wp-caption alignright\" style=\"width: 300px\"><img loading=\"lazy\" decoding=\"async\" class=\"wp-image-419 size-medium\" src=\"https:\/\/www.saint-projet.com\/wp-content\/uploads\/82st-projet_buffet004-300x200.jpg\" alt=\"\" width=\"300\" height=\"200\" srcset=\"https:\/\/www.saint-projet.com\/wp-content\/uploads\/82st-projet_buffet004-300x200.jpg 300w, https:\/\/www.saint-projet.com\/wp-content\/uploads\/82st-projet_buffet004-768x511.jpg 768w, https:\/\/www.saint-projet.com\/wp-content\/uploads\/82st-projet_buffet004-700x466.jpg 700w, https:\/\/www.saint-projet.com\/wp-content\/uploads\/82st-projet_buffet004.jpg 1024w\" sizes=\"auto, (max-width: 300px) 100vw, 300px\" \/><p class=\"wp-caption-text\">Salon du caf\u00e9 des amis<\/p><\/div>\n<p>Consommation de diverses boissons, pr\u00e9sentation de tableaux en vente et biblioth\u00e8que (achat de livres).<\/p>\n","protected":false},"excerpt":{"rendered":"<p>Le caf\u00e9 des amis de Saint Projet Un espace de d\u00e9tente ou il est possible de consommer des boissons fraiches et chaudes et un lieu de restauration rapide. Ouvert du 1er juin au 15 novembre tous les jours. Consommation de diverses boissons, pr\u00e9sentation de tableaux en vente et biblioth\u00e8que (achat de livres).<\/p>\n","protected":false},"author":2,"featured_media":0,"parent":9,"menu_order":4,"comment_status":"closed","ping_status":"closed","template":"","meta":{"footnotes":""},"class_list":["post-13","page","type-page","status-publish","hentry"],"_links":{"self":[{"href":"https:\/\/www.saint-projet.com\/index.php?rest_route=\/wp\/v2\/pages\/13","targetHints":{"allow":["GET"]}}],"collection":[{"href":"https:\/\/www.saint-projet.com\/index.php?rest_route=\/wp\/v2\/pages"}],"about":[{"href":"https:\/\/www.saint-projet.com\/index.php?rest_route=\/wp\/v2\/types\/page"}],"author":[{"embeddable":true,"href":"https:\/\/www.saint-projet.com\/index.php?rest_route=\/wp\/v2\/users\/2"}],"replies":[{"embeddable":true,"href":"https:\/\/www.saint-projet.com\/index.php?rest_route=%2Fwp%2Fv2%2Fcomments&post=13"}],"version-history":[{"count":11,"href":"https:\/\/www.saint-projet.com\/index.php?rest_route=\/wp\/v2\/pages\/13\/revisions"}],"predecessor-version":[{"id":421,"href":"https:\/\/www.saint-projet.com\/index.php?rest_route=\/wp\/v2\/pages\/13\/revisions\/421"}],"up":[{"embeddable":true,"href":"https:\/\/www.saint-projet.com\/index.php?rest_route=\/wp\/v2\/pages\/9"}],"wp:attachment":[{"href":"https:\/\/www.saint-projet.com\/index.php?rest_route=%2Fwp%2Fv2%2Fmedia&parent=13"}],"curies":[{"name":"wp","href":"https:\/\/api.w.org\/{rel}","templated":true}]}}